{"id":236,"date":"2019-03-19T11:30:11","date_gmt":"2019-03-19T10:30:11","guid":{"rendered":"http:\/\/www.pv-wellingsbuettel.de\/website\/?page_id=236"},"modified":"2024-10-04T09:28:02","modified_gmt":"2024-10-04T07:28:02","slug":"impressum","status":"publish","type":"page","link":"https:\/\/therapiehoch3.com\/index.php\/impressum\/","title":{"rendered":"Impressum"},"content":{"rendered":"\t\t<div data-elementor-type=\"wp-post\" data-elementor-id=\"236\" class=\"elementor elementor-236\">\n\t\t\t\t\t\t<section class=\"elementor-section elementor-top-section elementor-element elementor-element-6e879b5e elementor-section-boxed elementor-section-height-default elementor-section-height-default\" data-id=\"6e879b5e\" data-element_type=\"section\" data-e-type=\"section\">\n\t\t\t\t\t\t<div class=\"elementor-container elementor-column-gap-default\">\n\t\t\t\t\t<div class=\"elementor-column elementor-col-100 elementor-top-column elementor-element elementor-element-56115200\" data-id=\"56115200\" data-element_type=\"column\" data-e-type=\"column\">\n\t\t\t<div class=\"elementor-widget-wrap elementor-element-populated\">\n\t\t\t\t\t\t<div class=\"elementor-element elementor-element-7f7b4c8e elementor-widget elementor-widget-text-editor\" data-id=\"7f7b4c8e\" data-element_type=\"widget\" data-e-type=\"widget\" data-widget_type=\"text-editor.default\">\n\t\t\t\t<div class=\"elementor-widget-container\">\n\t\t\t\t\t\t\t\t\t<p><\/p>\n<p>PhysioVital Wellingsb\u00fcttel GmbH<\/p>\n<p>Fahrenkr\u00f6n 121<br \/>D-22179 Hamburg<\/p>\n<p><\/p>\n<p>Vertretungsberechtige Gesch\u00e4ftsf\u00fchrerin: Edyta Don<\/p>\n<p><\/p>\n<p>Fon 040. 866 860 01<br \/>Fax 040. 866 860 33<\/p>\n<p>Ust-ID DE274987889<\/p>\n<p>Die Berufsordnung der Physiotherapeuten und Krankengymnasten sind unter <a href=\"http:\/\/physio-verband.de\/\" target=\"_blank\" rel=\"noopener\">www.physio-verband.de<\/a> einzusehen.<\/p>\n<p>Haftungshinweis: Trotz sorgf\u00e4ltiger inhaltlicher Kontrolle \u00fcbernehmen wir keine Haftung f\u00fcr die Inhalte externer Links. F\u00fcr den Inhalt der verlinkten Seiten sind ausschlie\u00dflich deren Betreiber verantwortlich.<\/p>\n<p><\/p>\n<p>EMail: praxis@therapiehoch3.com<\/p>\n<p><\/p>\n<p>Registergericht: Hamburg<br \/>Registernummer: HRB 116296<\/p>\n<p><\/p>\n<p>Inhaltlich Verantwortliche: Edyta Don (Anschrift s.o.)<\/p>\n<p>Fotograf: Philip N\u00fcrnberger\u00a0http:\/\/tlrs.me<\/p>\n<p><\/p>\t\t\t\t\t\t\t\t<\/div>\n\t\t\t\t<\/div>\n\t\t\t\t\t<\/div>\n\t\t<\/div>\n\t\t\t\t\t<\/div>\n\t\t<\/section>\n\t\t\t\t<\/div>\n\t\t","protected":false},"excerpt":{"rendered":"<p>PhysioVital Wellingsb\u00fcttel GmbH Fahrenkr\u00f6n 121D-22179 Hamburg Vertretungsberechtige Gesch\u00e4ftsf\u00fchrerin: Edyta Don Fon 040. 866 860 01Fax 040. 866 860 33 Ust-ID DE274987889 Die Berufsordnung der Physiotherapeuten und Krankengymnasten sind unter www.physio-verband.de einzusehen. Haftungshinweis: Trotz sorgf\u00e4ltiger inhaltlicher Kontrolle \u00fcbernehmen wir keine Haftung f\u00fcr die Inhalte externer Links. F\u00fcr den Inhalt der verlinkten Seiten sind ausschlie\u00dflich deren Betreiber [&hellip;]<\/p>\n","protected":false},"author":1,"featured_media":0,"parent":0,"menu_order":0,"comment_status":"closed","ping_status":"closed","template":"","meta":{"zakra_page_container_layout":"centered","zakra_page_sidebar_layout":"no_sidebar","zakra_remove_content_margin":false,"zakra_sidebar":"customizer","zakra_transparent_header":"0","zakra_logo":0,"zakra_main_header_style":"default","zakra_menu_item_color":"","zakra_menu_item_hover_color":"","zakra_menu_item_active_color":"","zakra_menu_active_style":"","zakra_page_header":true,"footnotes":""},"class_list":["post-236","page","type-page","status-publish","hentry"],"yoast_head":"<!-- This site is optimized with the Yoast SEO plugin v26.9 - https:\/\/yoast.com\/product\/yoast-seo-wordpress\/ -->\n<title>Impressum - Physio Vital<\/title>\n<meta name=\"robots\" content=\"index, follow, max-snippet:-1, max-image-preview:large, max-video-preview:-1\" \/>\n<link rel=\"canonical\" href=\"https:\/\/therapiehoch3.com\/index.php\/impressum\/\" \/>\n<meta property=\"og:locale\" content=\"de_DE\" \/>\n<meta property=\"og:type\" content=\"article\" \/>\n<meta property=\"og:title\" content=\"Impressum - Physio Vital\" \/>\n<meta property=\"og:description\" content=\"PhysioVital Wellingsb\u00fcttel GmbH Fahrenkr\u00f6n 121D-22179 Hamburg Vertretungsberechtige Gesch\u00e4ftsf\u00fchrerin: Edyta Don Fon 040. 866 860 01Fax 040. 866 860 33 Ust-ID DE274987889 Die Berufsordnung der Physiotherapeuten und Krankengymnasten sind unter www.physio-verband.de einzusehen. Haftungshinweis: Trotz sorgf\u00e4ltiger inhaltlicher Kontrolle \u00fcbernehmen wir keine Haftung f\u00fcr die Inhalte externer Links. F\u00fcr den Inhalt der verlinkten Seiten sind ausschlie\u00dflich deren Betreiber [&hellip;]\" \/>\n<meta property=\"og:url\" content=\"https:\/\/therapiehoch3.com\/index.php\/impressum\/\" \/>\n<meta property=\"og:site_name\" content=\"Physio Vital\" \/>\n<meta property=\"article:modified_time\" content=\"2024-10-04T07:28:02+00:00\" \/>\n<meta name=\"twitter:card\" content=\"summary_large_image\" \/>\n<meta name=\"twitter:label1\" content=\"Gesch\u00e4tzte Lesezeit\" \/>\n\t<meta name=\"twitter:data1\" content=\"1\u00a0Minute\" \/>\n<!-- \/ Yoast SEO plugin. -->","yoast_head_json":{"title":"Impressum - Physio Vital","robots":{"index":"index","follow":"follow","max-snippet":"max-snippet:-1","max-image-preview":"max-image-preview:large","max-video-preview":"max-video-preview:-1"},"canonical":"https:\/\/therapiehoch3.com\/index.php\/impressum\/","og_locale":"de_DE","og_type":"article","og_title":"Impressum - Physio Vital","og_description":"PhysioVital Wellingsb\u00fcttel GmbH Fahrenkr\u00f6n 121D-22179 Hamburg Vertretungsberechtige Gesch\u00e4ftsf\u00fchrerin: Edyta Don Fon 040. 866 860 01Fax 040. 866 860 33 Ust-ID DE274987889 Die Berufsordnung der Physiotherapeuten und Krankengymnasten sind unter www.physio-verband.de einzusehen. Haftungshinweis: Trotz sorgf\u00e4ltiger inhaltlicher Kontrolle \u00fcbernehmen wir keine Haftung f\u00fcr die Inhalte externer Links. F\u00fcr den Inhalt der verlinkten Seiten sind ausschlie\u00dflich deren Betreiber [&hellip;]","og_url":"https:\/\/therapiehoch3.com\/index.php\/impressum\/","og_site_name":"Physio Vital","article_modified_time":"2024-10-04T07:28:02+00:00","twitter_card":"summary_large_image","twitter_misc":{"Gesch\u00e4tzte Lesezeit":"1\u00a0Minute"},"schema":{"@context":"https:\/\/schema.org","@graph":[{"@type":"WebPage","@id":"https:\/\/therapiehoch3.com\/index.php\/impressum\/","url":"https:\/\/therapiehoch3.com\/index.php\/impressum\/","name":"Impressum - Physio Vital","isPartOf":{"@id":"https:\/\/therapiehoch3.com\/#website"},"datePublished":"2019-03-19T10:30:11+00:00","dateModified":"2024-10-04T07:28:02+00:00","breadcrumb":{"@id":"https:\/\/therapiehoch3.com\/index.php\/impressum\/#breadcrumb"},"inLanguage":"de","potentialAction":[{"@type":"ReadAction","target":["https:\/\/therapiehoch3.com\/index.php\/impressum\/"]}]},{"@type":"BreadcrumbList","@id":"https:\/\/therapiehoch3.com\/index.php\/impressum\/#breadcrumb","itemListElement":[{"@type":"ListItem","position":1,"name":"Start","item":"https:\/\/therapiehoch3.com\/"},{"@type":"ListItem","position":2,"name":"Impressum"}]},{"@type":"WebSite","@id":"https:\/\/therapiehoch3.com\/#website","url":"https:\/\/therapiehoch3.com\/","name":"Physio Vital","description":"Therapie Hoch 3","publisher":{"@id":"https:\/\/therapiehoch3.com\/#organization"},"potentialAction":[{"@type":"SearchAction","target":{"@type":"EntryPoint","urlTemplate":"https:\/\/therapiehoch3.com\/?s={search_term_string}"},"query-input":{"@type":"PropertyValueSpecification","valueRequired":true,"valueName":"search_term_string"}}],"inLanguage":"de"},{"@type":"Organization","@id":"https:\/\/therapiehoch3.com\/#organization","name":"Physio Vital","url":"https:\/\/therapiehoch3.com\/","logo":{"@type":"ImageObject","inLanguage":"de","@id":"https:\/\/therapiehoch3.com\/#\/schema\/logo\/image\/","url":"https:\/\/therapiehoch3.com\/wp-content\/uploads\/2024\/04\/568x107.png","contentUrl":"https:\/\/therapiehoch3.com\/wp-content\/uploads\/2024\/04\/568x107.png","width":568,"height":107,"caption":"Physio Vital"},"image":{"@id":"https:\/\/therapiehoch3.com\/#\/schema\/logo\/image\/"}}]}},"_links":{"self":[{"href":"https:\/\/therapiehoch3.com\/index.php\/wp-json\/wp\/v2\/pages\/236","targetHints":{"allow":["GET"]}}],"collection":[{"href":"https:\/\/therapiehoch3.com\/index.php\/wp-json\/wp\/v2\/pages"}],"about":[{"href":"https:\/\/therapiehoch3.com\/index.php\/wp-json\/wp\/v2\/types\/page"}],"author":[{"embeddable":true,"href":"https:\/\/therapiehoch3.com\/index.php\/wp-json\/wp\/v2\/users\/1"}],"replies":[{"embeddable":true,"href":"https:\/\/therapiehoch3.com\/index.php\/wp-json\/wp\/v2\/comments?post=236"}],"version-history":[{"count":4,"href":"https:\/\/therapiehoch3.com\/index.php\/wp-json\/wp\/v2\/pages\/236\/revisions"}],"predecessor-version":[{"id":1306,"href":"https:\/\/therapiehoch3.com\/index.php\/wp-json\/wp\/v2\/pages\/236\/revisions\/1306"}],"wp:attachment":[{"href":"https:\/\/therapiehoch3.com\/index.php\/wp-json\/wp\/v2\/media?parent=236"}],"curies":[{"name":"wp","href":"https:\/\/api.w.org\/{rel}","templated":true}]}}